{"id":16,"date":"2017-09-19T15:27:07","date_gmt":"2017-09-19T15:27:07","guid":{"rendered":"http:\/\/ahonen.fi\/Wp\/?page_id=16"},"modified":"2025-09-01T16:33:52","modified_gmt":"2025-09-01T14:33:52","slug":"ahoset-sukuseuran-hallitus","status":"publish","type":"page","link":"https:\/\/ahonen.fi\/Wp\/ahoset-sukuseuran-hallitus\/","title":{"rendered":"Ahoset-sukuseuran hallitus"},"content":{"rendered":"\n<div class=\"wp-block-columns is-layout-flex wp-container-core-columns-is-layout-9d6595d7 wp-block-columns-is-layout-flex\">\n<div class=\"wp-block-column is-layout-flow wp-block-column-is-layout-flow\" style=\"flex-basis:100%\">\n<figure class=\"wp-block-table\"><table class=\"has-fixed-layout\"><tbody><tr><td><strong>HALLITUS 2025-2026<\/strong><br><br><strong>Puheenjohtaja<\/strong><br>Pekka Ahonen<br>Tarhurinkuja 3<br>24130 Salo<br>Puh. 050 564 0454<br>pekka.eero.ahonen[at]gmail.com<br><br><strong>Varapuheenjohtaja<\/strong><br>Mikko Ahonen<br>Paromankatu 18 D 25<br>33400 Tampere<br>Puh. 045 146 5345<br>mikko.ahonen[at]tutanota.com<br><br><strong>Sihteeri<\/strong><br>Pirjo Ahonen<br>Saunarinteentie 3<br>71820 P\u00f6lj\u00e4<br>Puh. 040 519 3392<br>pirjoa177[at]gmail.com<br><br><strong>Hallituksen j\u00e4sen<\/strong><br>Jorma Ahonen<br>Puh. 0400 697 518<br>jorma.j.ahonen[at]gmail.com<br>\u00a0<br><strong>Hallituksen j\u00e4sen<\/strong><br>Emi Ahonen<br>Puh. 045 124 2119<br>ahonenemi[at]gmail.com<br><br><strong>Hallituksen j\u00e4sen<\/strong><br>Timo Ahonen<br>Puh. 040 500 4465<br>timo.ahonen45[at]gmail.com<br><br><strong>Rahastonhoitaja<\/strong><br>Satu Lehtola<br>Puh. 040 535 0820<br>satu.lehtola[at]outlook.com<br><br><strong>HALLITUKSEN ULKOPUOLELTA<\/strong><br>\u00a0<br><strong>Sukututkija<\/strong><br>Ari Kolehmainen<br>kolehmainen.ari[at]gmail.com<\/td><\/tr><\/tbody><\/table><\/figure>\n<\/div>\n<\/div>\n\n\n\n<p><\/p>\n","protected":false},"excerpt":{"rendered":"<p>HALLITUS 2025-2026 PuheenjohtajaPekka AhonenTarhurinkuja 324130 SaloPuh. 050 564 0454pekka.eero.ahonen[at]gmail.com VarapuheenjohtajaMikko AhonenParomankatu 18 D 2533400 TamperePuh. 045 146 5345mikko.ahonen[at]tutanota.com SihteeriPirjo AhonenSaunarinteentie 371820 P\u00f6lj\u00e4Puh. 040 519 3392pirjoa177[at]gmail.com Hallituksen j\u00e4senJorma AhonenPuh. 0400 697 518jorma.j.ahonen[at]gmail.com\u00a0Hallituksen j\u00e4senEmi AhonenPuh. 045 124 2119ahonenemi[at]gmail.com Hallituksen j\u00e4senTimo AhonenPuh. 040 500 4465timo.ahonen45[at]gmail.com RahastonhoitajaSatu LehtolaPuh. 040 535 0820satu.lehtola[at]outlook.com HALLITUKSEN ULKOPUOLELTA\u00a0SukututkijaAri Kolehmainenkolehmainen.ari[at]gmail.com<\/p>\n","protected":false},"author":4,"featured_media":0,"parent":0,"menu_order":0,"comment_status":"closed","ping_status":"closed","template":"","meta":{"footnotes":""},"class_list":["post-16","page","type-page","status-publish","hentry"],"_links":{"self":[{"href":"https:\/\/ahonen.fi\/Wp\/wp-json\/wp\/v2\/pages\/16","targetHints":{"allow":["GET"]}}],"collection":[{"href":"https:\/\/ahonen.fi\/Wp\/wp-json\/wp\/v2\/pages"}],"about":[{"href":"https:\/\/ahonen.fi\/Wp\/wp-json\/wp\/v2\/types\/page"}],"author":[{"embeddable":true,"href":"https:\/\/ahonen.fi\/Wp\/wp-json\/wp\/v2\/users\/4"}],"replies":[{"embeddable":true,"href":"https:\/\/ahonen.fi\/Wp\/wp-json\/wp\/v2\/comments?post=16"}],"version-history":[{"count":20,"href":"https:\/\/ahonen.fi\/Wp\/wp-json\/wp\/v2\/pages\/16\/revisions"}],"predecessor-version":[{"id":326,"href":"https:\/\/ahonen.fi\/Wp\/wp-json\/wp\/v2\/pages\/16\/revisions\/326"}],"wp:attachment":[{"href":"https:\/\/ahonen.fi\/Wp\/wp-json\/wp\/v2\/media?parent=16"}],"curies":[{"name":"wp","href":"https:\/\/api.w.org\/{rel}","templated":true}]}}