{"id":18,"date":"2017-09-19T15:27:53","date_gmt":"2017-09-19T15:27:53","guid":{"rendered":"http:\/\/ahonen.fi\/Wp\/?page_id=18"},"modified":"2024-04-15T17:38:55","modified_gmt":"2024-04-15T15:38:55","slug":"sukukirja","status":"publish","type":"page","link":"https:\/\/ahonen.fi\/Wp\/sukukirja\/","title":{"rendered":"Sukukirja"},"content":{"rendered":"\n<figure class=\"wp-block-table\"><table><tbody><tr><td>Yksi sukuseuramme tavoitteista on ollut koota ja julkaista sukututkimusty\u00f6n tulokset sukukirjana. Sukuhaaroista suurimman, Rautavaaran Ala-Luostan Ahoset-sukuhaaran sukukirja valmistui hein\u00e4kuussa 2007. T\u00e4m\u00e4 400-sivuinen kovakantinen arvoteos esiteltiin kes\u00e4n 2007 sukukokouksessa Siilinj\u00e4rvell\u00e4.<br><p>Kirja selvitt\u00e4\u00e4 mm. Rautavaaran Ala-Luostan kyl\u00e4st\u00e4 runsaan 300 vuoden kuluessa eri puolille Suomea levitt\u00e4ytyneiden Ahosten sukulinjat. Tarkentavasta hakemisto-osasta \u00f6ytyy per\u00e4ti 6500 nime\u00e4. Kirjassa on toista sataa valokuvaa ja 11 kertomusta suvun j\u00e4senten el\u00e4m\u00e4nvaiheista ja el\u00e4m\u00e4nty\u00f6st\u00e4. Sukuseuran kanta-alueelta l\u00e4ht\u00f6isin olevaa viitt\u00e4 sukuhaaraa k\u00e4sittelev\u00e4 ns. historiakatsaus karttoineen, nimist\u00f6ineen, aikajanoineen ym. on esitetty kirjassa kaikkien viiden sukuhaaran osalta. Ensimm\u00e4inen sukukirjamme Ahoset I on loppumassa. J\u00e4senet ovat sen jo saaneet. Pid\u00e4 kiirett\u00e4!<\/p><br><p><strong>Sukukirja Ahoset osa I on perusteos ja osa II on jatkoa ensimm\u00e4iselle kirjalle (<\/strong><b>valmistui kes\u00e4n 2010 sukukokoukseen). <\/b>Sukukirjojen hinta j\u00e4senille on 50 euroa ja ei-j\u00e4senille 70 euroa (+ postiennakkomaksu).<\/p><br><p><strong>Uusimpana teoksena julkaistiin kes\u00e4ll\u00e4 2017 Sukukirja III<\/strong> vuosikokouksen yhteydess\u00e4 j\u00e4senhintaan 70 euroa (+ postiennakkomaksu). Suosittelemme l\u00e4mpim\u00e4sti sukukirjan tilaamista my\u00f6s omille perillisille.<\/p><br><p>Sukukirjat, kuten sukuviirit ja sukupaidatkin, ovat lahjaideana parhaasta p\u00e4\u00e4st\u00e4. Kirjoja, viirej\u00e4 ja paitoja voit tilata <a href=\"http:\/\/ahonen.fi\/Wp\/wp-content\/uploads\/2020\/10\/Tilauslomake_ahonen_sukuseura.pdf\" target=\"_blank\" rel=\"noopener noreferrer\">tilauslomakkeella<\/a> , puhelimitse Pirjo Ahoselta, puh. 040 519 3392.<\/p><\/td><\/tr><tr><td><\/td><\/tr><\/tbody><\/table><\/figure>\n","protected":false},"excerpt":{"rendered":"<p>Yksi sukuseuramme tavoitteista on ollut koota ja julkaista sukututkimusty\u00f6n tulokset sukukirjana. Sukuhaaroista suurimman, Rautavaaran Ala-Luostan Ahoset-sukuhaaran sukukirja valmistui hein\u00e4kuussa 2007. T\u00e4m\u00e4 400-sivuinen kovakantinen arvoteos esiteltiin kes\u00e4n 2007 sukukokouksessa Siilinj\u00e4rvell\u00e4. Kirja selvitt\u00e4\u00e4 mm. Rautavaaran Ala-Luostan kyl\u00e4st\u00e4 runsaan 300 vuoden kuluessa eri puolille Suomea levitt\u00e4ytyneiden Ahosten sukulinjat. Tarkentavasta hakemisto-osasta \u00f6ytyy per\u00e4ti 6500 nime\u00e4. Kirjassa on toista sataa &hellip; <\/p>\n<p class=\"link-more\"><a href=\"https:\/\/ahonen.fi\/Wp\/sukukirja\/\" class=\"more-link\">Jatka lukemista<span class=\"screen-reader-text\"> &#8221;Sukukirja&#8221;<\/span><\/a><\/p>\n","protected":false},"author":4,"featured_media":0,"parent":0,"menu_order":0,"comment_status":"closed","ping_status":"closed","template":"","meta":{"footnotes":""},"class_list":["post-18","page","type-page","status-publish","hentry"],"_links":{"self":[{"href":"https:\/\/ahonen.fi\/Wp\/wp-json\/wp\/v2\/pages\/18","targetHints":{"allow":["GET"]}}],"collection":[{"href":"https:\/\/ahonen.fi\/Wp\/wp-json\/wp\/v2\/pages"}],"about":[{"href":"https:\/\/ahonen.fi\/Wp\/wp-json\/wp\/v2\/types\/page"}],"author":[{"embeddable":true,"href":"https:\/\/ahonen.fi\/Wp\/wp-json\/wp\/v2\/users\/4"}],"replies":[{"embeddable":true,"href":"https:\/\/ahonen.fi\/Wp\/wp-json\/wp\/v2\/comments?post=18"}],"version-history":[{"count":8,"href":"https:\/\/ahonen.fi\/Wp\/wp-json\/wp\/v2\/pages\/18\/revisions"}],"predecessor-version":[{"id":289,"href":"https:\/\/ahonen.fi\/Wp\/wp-json\/wp\/v2\/pages\/18\/revisions\/289"}],"wp:attachment":[{"href":"https:\/\/ahonen.fi\/Wp\/wp-json\/wp\/v2\/media?parent=18"}],"curies":[{"name":"wp","href":"https:\/\/api.w.org\/{rel}","templated":true}]}}