{"id":22,"date":"2017-09-19T15:29:57","date_gmt":"2017-09-19T15:29:57","guid":{"rendered":"http:\/\/ahonen.fi\/Wp\/?page_id=22"},"modified":"2017-09-19T15:29:57","modified_gmt":"2017-09-19T15:29:57","slug":"valokuvia","status":"publish","type":"page","link":"https:\/\/ahonen.fi\/Wp\/valokuvia\/","title":{"rendered":"Valokuvia"},"content":{"rendered":"<table border=\"0\" width=\"510\">\n<tbody>\n<tr>\n<td>Alla valokuvia Ahoset-sukuseuran sukukokouksista vuosien varrelta. Kuvia on muokattu internetiss\u00e4 esitett\u00e4v\u00e4ksi soveltuvaan tiedostokokoon. Jos haluat jostakin kuvasta valokuvatasoisen tiedostoversion, ota yhteytt\u00e4 Paavo Ahonen, p. 040 730 6935 tai email: paavo.ahonen[at]elisanet.fi<\/p>\n<p><a class=\"teksti\" href=\"http:\/\/www.ahonen.fi\/ahoset_albumi001.html\" target=\"_blank\" rel=\"noopener\">Kuvia sukuseuran kokouksista vuosien varrelta<\/a><br \/>\n<a class=\"teksti\" href=\"http:\/\/www.ahonen.fi\/ahoset_albumi002.html\" target=\"_blank\" rel=\"noopener\">Retki Petroskoihin 2012<\/a><br \/>\n<a class=\"teksti\" href=\"http:\/\/www.ahonen.fi\/ahoset_albumi003.html\" target=\"_blank\" rel=\"noopener\">Retki Pohjois-Karjalaan kes\u00e4ll\u00e4 2016<\/a><\/td>\n<\/tr>\n<tr>\n<td><\/td>\n<\/tr>\n<tr>\n<td><\/td>\n<\/tr>\n<tr>\n<td><\/td>\n<\/tr>\n<\/tbody>\n<\/table>\n","protected":false},"excerpt":{"rendered":"<p>Alla valokuvia Ahoset-sukuseuran sukukokouksista vuosien varrelta. Kuvia on muokattu internetiss\u00e4 esitett\u00e4v\u00e4ksi soveltuvaan tiedostokokoon. Jos haluat jostakin kuvasta valokuvatasoisen tiedostoversion, ota yhteytt\u00e4 Paavo Ahonen, p. 040 730 6935 tai email: paavo.ahonen[at]elisanet.fi Kuvia sukuseuran kokouksista vuosien varrelta Retki Petroskoihin 2012 Retki Pohjois-Karjalaan kes\u00e4ll\u00e4 2016<\/p>\n","protected":false},"author":4,"featured_media":0,"parent":0,"menu_order":0,"comment_status":"closed","ping_status":"closed","template":"","meta":{"footnotes":""},"class_list":["post-22","page","type-page","status-publish","hentry"],"_links":{"self":[{"href":"https:\/\/ahonen.fi\/Wp\/wp-json\/wp\/v2\/pages\/22","targetHints":{"allow":["GET"]}}],"collection":[{"href":"https:\/\/ahonen.fi\/Wp\/wp-json\/wp\/v2\/pages"}],"about":[{"href":"https:\/\/ahonen.fi\/Wp\/wp-json\/wp\/v2\/types\/page"}],"author":[{"embeddable":true,"href":"https:\/\/ahonen.fi\/Wp\/wp-json\/wp\/v2\/users\/4"}],"replies":[{"embeddable":true,"href":"https:\/\/ahonen.fi\/Wp\/wp-json\/wp\/v2\/comments?post=22"}],"version-history":[{"count":1,"href":"https:\/\/ahonen.fi\/Wp\/wp-json\/wp\/v2\/pages\/22\/revisions"}],"predecessor-version":[{"id":23,"href":"https:\/\/ahonen.fi\/Wp\/wp-json\/wp\/v2\/pages\/22\/revisions\/23"}],"wp:attachment":[{"href":"https:\/\/ahonen.fi\/Wp\/wp-json\/wp\/v2\/media?parent=22"}],"curies":[{"name":"wp","href":"https:\/\/api.w.org\/{rel}","templated":true}]}}