{"id":24,"date":"2017-09-19T15:30:36","date_gmt":"2017-09-19T15:30:36","guid":{"rendered":"http:\/\/ahonen.fi\/Wp\/?page_id=24"},"modified":"2025-07-29T09:57:14","modified_gmt":"2025-07-29T07:57:14","slug":"jaseneksi","status":"publish","type":"page","link":"https:\/\/ahonen.fi\/Wp\/jaseneksi\/","title":{"rendered":"J\u00e4seneksi"},"content":{"rendered":"\n<figure class=\"wp-block-table\"><table><tbody><tr><td><br><h1>Sukuseuran j\u00e4seneksi liittyminen tuo sinulle etuja<\/h1><br><p>Sukuseuramme j\u00e4senmaksu vuonna 2023-2025 on 25 \u20ac \/vuosi\/j\u00e4sen ja samassa taloudessa asuvat muut perheen j\u00e4senet 12 \u20ac \/vuosi. J\u00e4senmaksuilla kustannetaan sukukirjan painatus ja kokoaminen sek\u00e4 sukuseuran toimintakulut.<\/p><br><p>Vuosij\u00e4senmaksulla saat my\u00f6s tapahtumista ja toiminnasta kertovat tiedotteet 1-2 kertaa vuodessa sek\u00e4 j\u00e4senlehti 2 kertaa vuodessa. Lis\u00e4ksi edulliseen j\u00e4senhintaan voit tilata mm. etusivulla kuvatun sukuseuran p\u00f6yt\u00e4- ja is\u00e4nn\u00e4nviirit arvopaikalle kotiin tai lahjaksi sukusi senioreille merkkip\u00e4iv\u00e4n\u00e4. Sukututkijalta suoraan voit tilata henkil\u00f6kohtaisia sukutauluja, esivanhempaintauluja tai t\u00e4ydentyvi\u00e4 ty\u00f6aikaisia sukukirjaversioita ilman kuvia ja tarinoita.<\/p><br><p>Julkaisemme omaa Ahoset -j\u00e4senlehte\u00e4, jonka ensimm\u00e4inen numero ilmestyi kes\u00e4kuussa 2008. J\u00e4senlehdess\u00e4 j\u00e4senet voivat julkaista omia sukutarinoita valokuvien kera. Kirjoitukset tulee l\u00e4hett\u00e4\u00e4 lehden toimituskunnalle s\u00e4hk\u00f6postiosoitteeseen pekka.eero.ahonen[at]gmail.com tai kirjeitse osoitteeseen Pekka Ahonen, Tarhurinkuja 3, 24130 Salo.<\/p><br><h4>Liittymisohjeet<\/h4><br><p>Jos olet kiinnostunut liittym\u00e4\u00e4n Ahosten sukuseuraan, <a href=\"https:\/\/ahonen.fi\/Wp\/wp-content\/uploads\/2025\/07\/Ahoset_ilmoittautumislomake_uusi.pdf\" target=\"_blank\" rel=\"noreferrer noopener\">tulosta j\u00e4senhakemuslomake<\/a>. T\u00e4yt\u00e4 tulostettu lomake, vahvista j\u00e4seneksi liittyminen allekirjoituksellasi ja l\u00e4het\u00e4 lomake puheenjohtajalle (osoitetiedot lomakkeen yl\u00e4reunassa).<\/p><br><h4>J\u00e4senmaksu<\/h4><br><p>Liitytty\u00e4si sukuseuraan sinulle l\u00e4hetet\u00e4\u00e4n henkil\u00f6kohtainen j\u00e4senmaksukuitti. <b>J\u00e4senmaksua maksaessasi muista ehdottomasti k\u00e4ytt\u00e4\u00e4 viitenumeroa.<\/b> Jos haluat maksaa j\u00e4senmaksun my\u00f6s useammasta t\u00e4ysi-ik\u00e4isest\u00e4 perheenj\u00e4senest\u00e4, k\u00e4yt\u00e4 <b>erillist\u00e4 maksukuittia ja merkitse sen viestiosaan perheen j\u00e4senen nimi<\/b>, jonka osalta maksu suoritetaan. Jatkossa perheen j\u00e4senet saavat oman viitteellisen j\u00e4senmaksukuitin maksun suoritusta varten.<\/p><br><p>Sukuseuran j\u00e4senen\u00e4 voit ostaa <a class=\"teksti\" href=\"http:\/\/ahonen.fi\/Wp\/tuotteet\/\">sukuviirin ja muuta aineistoa<\/a> j\u00e4senhintaan sek\u00e4 osallistua sukuseuran toimintaan.<\/p><\/td><\/tr><tr><td><\/td><\/tr><\/tbody><\/table><\/figure>\n","protected":false},"excerpt":{"rendered":"<p>Sukuseuran j\u00e4seneksi liittyminen tuo sinulle etuja Sukuseuramme j\u00e4senmaksu vuonna 2023-2025 on 25 \u20ac \/vuosi\/j\u00e4sen ja samassa taloudessa asuvat muut perheen j\u00e4senet 12 \u20ac \/vuosi. J\u00e4senmaksuilla kustannetaan sukukirjan painatus ja kokoaminen sek\u00e4 sukuseuran toimintakulut. Vuosij\u00e4senmaksulla saat my\u00f6s tapahtumista ja toiminnasta kertovat tiedotteet 1-2 kertaa vuodessa sek\u00e4 j\u00e4senlehti 2 kertaa vuodessa. Lis\u00e4ksi edulliseen j\u00e4senhintaan voit tilata mm. &hellip; <\/p>\n<p class=\"link-more\"><a href=\"https:\/\/ahonen.fi\/Wp\/jaseneksi\/\" class=\"more-link\">Jatka lukemista<span class=\"screen-reader-text\"> &#8221;J\u00e4seneksi&#8221;<\/span><\/a><\/p>\n","protected":false},"author":4,"featured_media":0,"parent":0,"menu_order":0,"comment_status":"closed","ping_status":"closed","template":"","meta":{"footnotes":""},"class_list":["post-24","page","type-page","status-publish","hentry"],"_links":{"self":[{"href":"https:\/\/ahonen.fi\/Wp\/wp-json\/wp\/v2\/pages\/24","targetHints":{"allow":["GET"]}}],"collection":[{"href":"https:\/\/ahonen.fi\/Wp\/wp-json\/wp\/v2\/pages"}],"about":[{"href":"https:\/\/ahonen.fi\/Wp\/wp-json\/wp\/v2\/types\/page"}],"author":[{"embeddable":true,"href":"https:\/\/ahonen.fi\/Wp\/wp-json\/wp\/v2\/users\/4"}],"replies":[{"embeddable":true,"href":"https:\/\/ahonen.fi\/Wp\/wp-json\/wp\/v2\/comments?post=24"}],"version-history":[{"count":14,"href":"https:\/\/ahonen.fi\/Wp\/wp-json\/wp\/v2\/pages\/24\/revisions"}],"predecessor-version":[{"id":325,"href":"https:\/\/ahonen.fi\/Wp\/wp-json\/wp\/v2\/pages\/24\/revisions\/325"}],"wp:attachment":[{"href":"https:\/\/ahonen.fi\/Wp\/wp-json\/wp\/v2\/media?parent=24"}],"curies":[{"name":"wp","href":"https:\/\/api.w.org\/{rel}","templated":true}]}}