{"id":28,"date":"2017-09-19T15:32:01","date_gmt":"2017-09-19T15:32:01","guid":{"rendered":"http:\/\/ahonen.fi\/Wp\/?page_id=28"},"modified":"2025-10-20T17:47:54","modified_gmt":"2025-10-20T15:47:54","slug":"yhteystiedot","status":"publish","type":"page","link":"https:\/\/ahonen.fi\/Wp\/yhteystiedot\/","title":{"rendered":"Yhteystiedot"},"content":{"rendered":"\n<figure class=\"wp-block-table\"><table class=\"has-fixed-layout\"><tbody><tr><td><h3>Pohjois-Savon ja Pohjois-Karjalan Ahoset-sukuseura ry<\/h3> <p>Sukuseuran s\u00e4hk\u00f6postiosoite:<br>sukuseura.ahoset[\u00e4t]gmail.com<\/p> <h5>Puheenjohtaja<\/h5><span style=\"font-size: revert; font-family: inherit; font-weight: inherit;\">Pekka Ahonen<\/span><p>Tarhurinkuja 3<br>24130 Salo<br>Puh. 050-564 0454<br>pekka.eero.ahonen[\u00e4t]gmail.com<\/p> <h5>Varapuheenjohtaja<\/h5><span style=\"font-size: revert; font-family: inherit; font-weight: inherit;\">Mikko Ahonen<\/span><p>Paromankatu 18 D 25<br>33400 Tampere<br>Puh. 045-146 5345<br>mikko.ahonen[\u00e4t]tutanota.com<\/p> <h5>Sihteeri<\/h5><span style=\"font-size: revert; font-family: inherit; font-weight: inherit;\">Pirjo Ahonen<\/span><p>Saunarinteentie 3<br>71820 P\u00f6lj\u00e4<br>Puh. 040-519 3392<br>pirjoa177[\u00e4t]gmail.com<\/p> <h4>Lehden toimituskunta<\/h4> <h5>Puheenjohtaja, tiedottaja<\/h5> <p>Pekka Ahonen<br>Tarhurinkuja 3<br>24130 Salo<br>Puh. 050-564 0454<br>pekka.eero.ahonen[\u00e4t]gmail.com<\/p><br><p>Mikko Ahonen<br>Paromankatu 18 D 25<br>33400 Tampere<br>Puh. 045-146 5345<br>mikko.ahonen[\u00e4t]tutanota.com<\/p> <h4>Sukututkimus<\/h4><strong style=\"font-size: revert; font-family: inherit;\">Sukututkija<\/strong><p>Ari Kolehmainen<br>kolehmainen.ari[\u00e4t]gmail.com<\/p> <hr align=\"left\" width=\"200\"><\/hr><span style=\"font-size: revert; font-family: inherit; font-weight: inherit;\">Mikko Ahonen, websivujen yll\u00e4pito<\/span><br><span style=\"background-color: rgba(51, 51, 51, 0.2); font-size: revert; font-family: inherit; font-weight: inherit;\">mikko.ahonen[\u00e4t]tutanota.com<\/span><\/td><\/tr><tr><td>&nbsp;<\/td><\/tr><\/tbody><\/table><\/figure>\n\n\n\n<p><\/p>\n","protected":false},"excerpt":{"rendered":"<p>Pohjois-Savon ja Pohjois-Karjalan Ahoset-sukuseura ry Sukuseuran s\u00e4hk\u00f6postiosoite:sukuseura.ahoset[\u00e4t]gmail.com Puheenjohtaja Pekka Ahonen Tarhurinkuja 324130 SaloPuh. 050-564 0454pekka.eero.ahonen[\u00e4t]gmail.com Varapuheenjohtaja Mikko Ahonen Paromankatu 18 D 2533400 TamperePuh. 045-146 5345mikko.ahonen[\u00e4t]tutanota.com Sihteeri Pirjo Ahonen Saunarinteentie 371820 P\u00f6lj\u00e4Puh. 040-519 3392pirjoa177[\u00e4t]gmail.com Lehden toimituskunta Puheenjohtaja, tiedottaja Pekka AhonenTarhurinkuja 324130 SaloPuh. 050-564 0454pekka.eero.ahonen[\u00e4t]gmail.com Mikko AhonenParomankatu 18 D 2533400 TamperePuh. 045-146 5345mikko.ahonen[\u00e4t]tutanota.com Sukututkimus Sukututkija Ari Kolehmainenkolehmainen.ari[\u00e4t]gmail.com &hellip; <\/p>\n<p class=\"link-more\"><a href=\"https:\/\/ahonen.fi\/Wp\/yhteystiedot\/\" class=\"more-link\">Jatka lukemista<span class=\"screen-reader-text\"> &#8221;Yhteystiedot&#8221;<\/span><\/a><\/p>\n","protected":false},"author":4,"featured_media":0,"parent":0,"menu_order":0,"comment_status":"closed","ping_status":"closed","template":"","meta":{"footnotes":""},"class_list":["post-28","page","type-page","status-publish","hentry"],"_links":{"self":[{"href":"https:\/\/ahonen.fi\/Wp\/wp-json\/wp\/v2\/pages\/28","targetHints":{"allow":["GET"]}}],"collection":[{"href":"https:\/\/ahonen.fi\/Wp\/wp-json\/wp\/v2\/pages"}],"about":[{"href":"https:\/\/ahonen.fi\/Wp\/wp-json\/wp\/v2\/types\/page"}],"author":[{"embeddable":true,"href":"https:\/\/ahonen.fi\/Wp\/wp-json\/wp\/v2\/users\/4"}],"replies":[{"embeddable":true,"href":"https:\/\/ahonen.fi\/Wp\/wp-json\/wp\/v2\/comments?post=28"}],"version-history":[{"count":24,"href":"https:\/\/ahonen.fi\/Wp\/wp-json\/wp\/v2\/pages\/28\/revisions"}],"predecessor-version":[{"id":333,"href":"https:\/\/ahonen.fi\/Wp\/wp-json\/wp\/v2\/pages\/28\/revisions\/333"}],"wp:attachment":[{"href":"https:\/\/ahonen.fi\/Wp\/wp-json\/wp\/v2\/media?parent=28"}],"curies":[{"name":"wp","href":"https:\/\/api.w.org\/{rel}","templated":true}]}}