{"id":4,"date":"2017-09-19T15:16:20","date_gmt":"2017-09-19T15:16:20","guid":{"rendered":"http:\/\/ahonen.fi\/Wp\/?page_id=4"},"modified":"2026-03-19T13:16:07","modified_gmt":"2026-03-19T11:16:07","slug":"tervetuloa-ahoset-sukuseuran-sivuille","status":"publish","type":"page","link":"https:\/\/ahonen.fi\/Wp\/","title":{"rendered":"Tervetuloa sukuseuran sivuille"},"content":{"rendered":"<p>Sinulle, joka kirjoitat sukunimeksesi Ahonen tai olet sukujuuriltasi Ahonen, tarjoamme n\u00e4ill\u00e4 sivuilla tietoa sukuseurasta, joka tutkii juuriaan ja vaalii sukunsa perinteit\u00e4.<\/p>\n<p>Sukuseuramme on tarkoitettu kattamaan Nilsi\u00e4n, Varpaisj\u00e4rven, Rautavaaran, Kaavin, Juuan ja Nurmeksen alueelta koko Pohjois-Savoon ja Pohjois-Karjalaan levinneet Ahoset j\u00e4lkel\u00e4isineen.<\/p>\n<p>Ahosten sukuseuran j\u00e4senille on avattu oma Facebook -sivusto osoitteessa <a class=\"teksti\" href=\"http:\/\/www.facebook.com\/groups\/ahoset\" target=\"_blank\" rel=\"noopener\">http:\/\/www.facebook.com\/groups\/ahoset<\/a>. Tervetuloa mukaan!<\/p>\n\n\n<ul class=\"wp-block-social-links has-normal-icon-size is-style-default is-layout-flex wp-block-social-links-is-layout-flex\"><li class=\"wp-social-link wp-social-link-facebook  wp-block-social-link\"><a rel=\"noopener nofollow\" target=\"_blank\" href=\"https:\/\/www.facebook.com\/groups\/ahoset\/\" class=\"wp-block-social-link-anchor\"><svg width=\"24\" height=\"24\" viewBox=\"0 0 24 24\" version=\"1.1\" xmlns=\"http:\/\/www.w3.org\/2000\/svg\" aria-hidden=\"true\" focusable=\"false\"><path d=\"M12 2C6.5 2 2 6.5 2 12c0 5 3.7 9.1 8.4 9.9v-7H7.9V12h2.5V9.8c0-2.5 1.5-3.9 3.8-3.9 1.1 0 2.2.2 2.2.2v2.5h-1.3c-1.2 0-1.6.8-1.6 1.6V12h2.8l-.4 2.9h-2.3v7C18.3 21.1 22 17 22 12c0-5.5-4.5-10-10-10z\"><\/path><\/svg><span class=\"wp-block-social-link-label screen-reader-text\">Facebook<\/span><\/a><\/li><\/ul>\n","protected":false},"excerpt":{"rendered":"<p>Sinulle, joka kirjoitat sukunimeksesi Ahonen tai olet sukujuuriltasi Ahonen, tarjoamme n\u00e4ill\u00e4 sivuilla tietoa sukuseurasta, joka tutkii juuriaan ja vaalii sukunsa perinteit\u00e4. Sukuseuramme on tarkoitettu kattamaan Nilsi\u00e4n, Varpaisj\u00e4rven, Rautavaaran, Kaavin, Juuan ja Nurmeksen alueelta koko Pohjois-Savoon ja Pohjois-Karjalaan levinneet Ahoset j\u00e4lkel\u00e4isineen. Ahosten sukuseuran j\u00e4senille on avattu oma Facebook -sivusto osoitteessa http:\/\/www.facebook.com\/groups\/ahoset. Tervetuloa mukaan!<\/p>\n","protected":false},"author":4,"featured_media":0,"parent":0,"menu_order":0,"comment_status":"closed","ping_status":"closed","template":"","meta":{"footnotes":""},"class_list":["post-4","page","type-page","status-publish","hentry"],"_links":{"self":[{"href":"https:\/\/ahonen.fi\/Wp\/wp-json\/wp\/v2\/pages\/4","targetHints":{"allow":["GET"]}}],"collection":[{"href":"https:\/\/ahonen.fi\/Wp\/wp-json\/wp\/v2\/pages"}],"about":[{"href":"https:\/\/ahonen.fi\/Wp\/wp-json\/wp\/v2\/types\/page"}],"author":[{"embeddable":true,"href":"https:\/\/ahonen.fi\/Wp\/wp-json\/wp\/v2\/users\/4"}],"replies":[{"embeddable":true,"href":"https:\/\/ahonen.fi\/Wp\/wp-json\/wp\/v2\/comments?post=4"}],"version-history":[{"count":4,"href":"https:\/\/ahonen.fi\/Wp\/wp-json\/wp\/v2\/pages\/4\/revisions"}],"predecessor-version":[{"id":335,"href":"https:\/\/ahonen.fi\/Wp\/wp-json\/wp\/v2\/pages\/4\/revisions\/335"}],"wp:attachment":[{"href":"https:\/\/ahonen.fi\/Wp\/wp-json\/wp\/v2\/media?parent=4"}],"curies":[{"name":"wp","href":"https:\/\/api.w.org\/{rel}","templated":true}]}}